{"id":11,"date":"2020-02-19T16:23:15","date_gmt":"2020-02-19T13:23:15","guid":{"rendered":"https:\/\/xstyle.md\/?page_id=11"},"modified":"2025-02-25T16:17:43","modified_gmt":"2025-02-25T13:17:43","slug":"glavnaja","status":"publish","type":"page","link":"https:\/\/xstyle.md\/ro\/","title":{"rendered":"Acasa"},"content":{"rendered":"<div class=\"wp-block-columns is-layout-flex wp-container-core-columns-is-layout-9d6595d7 wp-block-columns-is-layout-flex\">\n<div class=\"wp-block-column is-layout-flow wp-block-column-is-layout-flow\">\n<h2 class=\"wp-block-heading has-text-color\"><\/h2>\n\n\n<\/p>\n<\/div>\n<\/div>\n\n\n\n<h2 class=\"wp-block-heading\"><strong>X-Style \u2013 aventura ta \u00eencepe aici<\/strong><\/h2>\n\n\n\n<p>\u00cenc\u0103 din copil\u0103rie, \u00een interiorul nostru tr\u0103ie\u0219te spiritul aventurii. El ne reaminte\u0219te, c\u0103 via\u021ba adev\u0103rat\u0103 se afl\u0103 acolo unde sunt mun\u021bi, oceane \u0219i p\u0103duri, unde sunt provoc\u0103ri \u0219i descoperiri. Familia X-Style, crede c\u0103 o c\u0103l\u0103torie confortabil\u0103 \u00eencepe cu echipamentul potrivit.<\/p>\n\n\n\n<p><strong>Suntem al\u0103turi oric\u00e2nd<\/strong><br>Descoper\u0103 lumea \u00eentr-un mod inedit \u2013 simte prospe\u021bimea v\u00e2ntului montan, a lini\u0219tii p\u0103durii \u0219i descoper\u0103 for\u021ba intens\u0103 a valurilor. Indiferent dac\u0103 pleci \u00eentr-o drume\u021bie, \u00eentr-un tur de schi sau \u00eentr-o expedi\u021bie, dac\u0103 escaladezi v\u00e2rfuri sau explorezi ad\u00e2ncurile m\u0103rilor \u2013 X-Style \u00ee\u021bi ofer\u0103 confort \u0219i siguran\u021b\u0103.<\/p>\n\n\n\n<p>Exper\u021bii no\u0219tri te vor ajuta s\u0103 alegi echipamentul turistic potrivit pentru orice condi\u021bii \u0219i preferin\u021be. Noi \u00ee\u021bi oferim tot necesarul pentru expedi\u021bii cu nivel \u00eenalt de dificultate, excursii de familie organizate \u00een s\u00e2nul naturii sau activit\u0103\u021bi recreative planificate prin Moldova \u0219i dincolo de hotarele ei.<\/p>\n\n\n\n<p>Nu exist\u0103 vreme rea \u2013 exist\u0103 echipament nepotrivit. La X-Style g\u0103se\u0219ti accesorii indispensabile,&nbsp; pentru a te bucura de aventuri:<\/p>\n\n\n\n<ul class=\"wp-block-list\">\n<li><strong>Echipamente \u0219i \u00eembr\u0103c\u0103minte<\/strong> de la Deuter, Petzl, Asolo, Julbo, Buff, Rossignol, Dalbello, JetBoil, Pinguin, Hannah \u0219i alte branduri outdoor de top din lume.<\/li>\n\n\n\n<li><strong>Echipamente de schi<\/strong>: schiuri, snowboarduri, cl\u0103pari \u0219i be\u021be de la Rossignol<strong>, <\/strong>Capita \u0219i Dalbello.<\/li>\n\n\n\n<li><strong>Echipamente pentru alpinism \u0219i lucr\u0103ri la \u00een\u0103l\u021bime<\/strong>: sisteme de siguran\u021b\u0103, carabiniere \u0219i c\u0103\u0219ti de la Petzl \u0219i Singing Rock.<\/li>\n\n\n\n<li><strong>Echipamente pentru activit\u0103\u021bi \u00een aer liber <\/strong>\u2013 corturi de la MSR \u0219i rucsacuri profesionale de la Deuter.<\/li>\n\n\n\n<li><strong>Echipamente pentru sporturi nautice<\/strong>: costume de neopren, pl\u0103ci de SUP \u0219i accesorii de la Cressi \u0219i Aqualung.<\/li>\n\n\n\n<li><strong>Solu\u021bii auto<\/strong>: sisteme de fixare pentru acoperi\u0219ul automobilelor, suporturi pentru biciclete \u0219i cutii portbagaj de la Thule \u0219i Modula.<\/li>\n\n\n\n<li><strong>Accesorii turistice,<\/strong> care fac orice c\u0103l\u0103torie mai confortabil\u0103 \u0219i sigur\u0103.<\/li>\n<\/ul>\n\n\n\n<p>Descoper\u0103 lumea cu X-Style. Suntem aproape \u2013 \u00een Chi\u0219in\u0103u \u0219i \u00een toat\u0103 Moldova. \u00centotdeauna.<\/p>\n\n\n<p><\/p>\n\n\n\n<p><\/p>","protected":false},"excerpt":{"rendered":"","protected":false},"author":11,"featured_media":0,"parent":0,"menu_order":0,"comment_status":"closed","ping_status":"closed","template":"front-page.php","meta":{"_acf_changed":false,"inline_featured_image":false,"footnotes":""},"class_list":["post-11","page","type-page","status-publish","hentry"],"acf":[],"yoast_head":"<!-- This site is optimized with the Yoast SEO plugin v27.2 - https:\/\/yoast.com\/product\/yoast-seo-wordpress\/ -->\n<title>\u041c\u0430\u0433\u0430\u0437\u0438\u043d Xstyle | \u0422\u0443\u0440\u0438\u0441\u0442\u0438\u0447\u0435\u0441\u043a\u0438\u0439 \u0438 \u0441\u043f\u043e\u0440\u0442\u0438\u0432\u043d\u044b\u0439 \u043c\u0430\u0433\u0430\u0437\u0438\u043d, \u044d\u043a\u0438\u043f\u0438\u0440\u043e\u0432\u043a\u0430 \u0434\u043b\u044f \u0430\u043a\u0442\u0438\u0432\u043d\u043e\u0433\u043e \u043e\u0442\u0434\u044b\u0445\u0430<\/title>\n<meta name=\"description\" content=\"\u0418\u043d\u0442\u0435\u0440\u043d\u0435\u0442-\u043c\u0430\u0433\u0430\u0437\u0438\u043d \u0432 \u041a\u0438\u0448\u0438\u043d\u0451\u0432\u0435, \u0442\u0443\u0440\u0438\u0441\u0442\u0438\u0447\u0435\u0441\u043a\u043e\u0433\u043e \u0438 \u0441\u043f\u043e\u0440\u0442\u0438\u0432\u043d\u043e\u0433\u043e \u0441\u043d\u0430\u0440\u044f\u0436\u0435\u043d\u0438\u044f \u0441 \u0448\u0438\u0440\u043e\u043a\u0438\u043c \u0430\u0441\u0441\u043e\u0440\u0442\u0438\u043c\u0435\u043d\u0442\u043e\u043c \u044d\u043a\u0438\u043f\u0438\u0440\u043e\u0432\u043a\u0438 \u0434\u043b\u044f \u0430\u043a\u0442\u0438\u0432\u043d\u043e\u0433\u043e \u043e\u0431\u0440\u0430\u0437\u0430 \u0436\u0438\u0437\u043d\u0438.\" \/>\n<meta name=\"robots\" content=\"index, follow, max-snippet:-1, max-image-preview:large, max-video-preview:-1\" \/>\n<link rel=\"canonical\" href=\"https:\/\/xstyle.md\/ro\/\" \/>\n<meta property=\"og:locale\" content=\"ro_RO\" \/>\n<meta property=\"og:type\" content=\"article\" \/>\n<meta property=\"og:title\" content=\"\u041c\u0430\u0433\u0430\u0437\u0438\u043d Xstyle | \u0422\u0443\u0440\u0438\u0441\u0442\u0438\u0447\u0435\u0441\u043a\u0438\u0439 \u0438 \u0441\u043f\u043e\u0440\u0442\u0438\u0432\u043d\u044b\u0439 \u043c\u0430\u0433\u0430\u0437\u0438\u043d, \u044d\u043a\u0438\u043f\u0438\u0440\u043e\u0432\u043a\u0430 \u0434\u043b\u044f \u0430\u043a\u0442\u0438\u0432\u043d\u043e\u0433\u043e \u043e\u0442\u0434\u044b\u0445\u0430\" \/>\n<meta property=\"og:description\" content=\"\u0418\u043d\u0442\u0435\u0440\u043d\u0435\u0442-\u043c\u0430\u0433\u0430\u0437\u0438\u043d \u0432 \u041a\u0438\u0448\u0438\u043d\u0451\u0432\u0435, \u0442\u0443\u0440\u0438\u0441\u0442\u0438\u0447\u0435\u0441\u043a\u043e\u0433\u043e \u0438 \u0441\u043f\u043e\u0440\u0442\u0438\u0432\u043d\u043e\u0433\u043e \u0441\u043d\u0430\u0440\u044f\u0436\u0435\u043d\u0438\u044f \u0441 \u0448\u0438\u0440\u043e\u043a\u0438\u043c \u0430\u0441\u0441\u043e\u0440\u0442\u0438\u043c\u0435\u043d\u0442\u043e\u043c \u044d\u043a\u0438\u043f\u0438\u0440\u043e\u0432\u043a\u0438 \u0434\u043b\u044f \u0430\u043a\u0442\u0438\u0432\u043d\u043e\u0433\u043e \u043e\u0431\u0440\u0430\u0437\u0430 \u0436\u0438\u0437\u043d\u0438.\" \/>\n<meta property=\"og:url\" content=\"https:\/\/xstyle.md\/ro\/\" \/>\n<meta property=\"og:site_name\" content=\"\u041c\u0430\u0433\u0430\u0437\u0438\u043d Xstyle\" \/>\n<meta property=\"article:publisher\" content=\"https:\/\/www.facebook.com\/xstylemd\" \/>\n<meta property=\"article:modified_time\" content=\"2025-02-25T13:17:43+00:00\" \/>\n<meta name=\"twitter:card\" content=\"summary_large_image\" \/>\n<meta name=\"twitter:label1\" content=\"Timp estimat pentru citire\" \/>\n\t<meta name=\"twitter:data1\" content=\"3 minute\" \/>\n<script type=\"application\/ld+json\" class=\"yoast-schema-graph\">{\"@context\":\"https:\/\/schema.org\",\"@graph\":[{\"@type\":\"WebPage\",\"@id\":\"https:\/\/xstyle.md\/\",\"url\":\"https:\/\/xstyle.md\/\",\"name\":\"\u041c\u0430\u0433\u0430\u0437\u0438\u043d Xstyle | \u0422\u0443\u0440\u0438\u0441\u0442\u0438\u0447\u0435\u0441\u043a\u0438\u0439 \u0438 \u0441\u043f\u043e\u0440\u0442\u0438\u0432\u043d\u044b\u0439 \u043c\u0430\u0433\u0430\u0437\u0438\u043d, \u044d\u043a\u0438\u043f\u0438\u0440\u043e\u0432\u043a\u0430 \u0434\u043b\u044f \u0430\u043a\u0442\u0438\u0432\u043d\u043e\u0433\u043e \u043e\u0442\u0434\u044b\u0445\u0430\",\"isPartOf\":{\"@id\":\"https:\/\/xstyle.md\/#website\"},\"datePublished\":\"2020-02-19T13:23:15+00:00\",\"dateModified\":\"2025-02-25T13:17:43+00:00\",\"description\":\"\u0418\u043d\u0442\u0435\u0440\u043d\u0435\u0442-\u043c\u0430\u0433\u0430\u0437\u0438\u043d \u0432 \u041a\u0438\u0448\u0438\u043d\u0451\u0432\u0435, \u0442\u0443\u0440\u0438\u0441\u0442\u0438\u0447\u0435\u0441\u043a\u043e\u0433\u043e \u0438 \u0441\u043f\u043e\u0440\u0442\u0438\u0432\u043d\u043e\u0433\u043e \u0441\u043d\u0430\u0440\u044f\u0436\u0435\u043d\u0438\u044f \u0441 \u0448\u0438\u0440\u043e\u043a\u0438\u043c \u0430\u0441\u0441\u043e\u0440\u0442\u0438\u043c\u0435\u043d\u0442\u043e\u043c \u044d\u043a\u0438\u043f\u0438\u0440\u043e\u0432\u043a\u0438 \u0434\u043b\u044f \u0430\u043a\u0442\u0438\u0432\u043d\u043e\u0433\u043e \u043e\u0431\u0440\u0430\u0437\u0430 \u0436\u0438\u0437\u043d\u0438.\",\"breadcrumb\":{\"@id\":\"https:\/\/xstyle.md\/#breadcrumb\"},\"inLanguage\":\"ro-RO\",\"potentialAction\":[{\"@type\":\"ReadAction\",\"target\":[\"https:\/\/xstyle.md\/\"]}]},{\"@type\":\"BreadcrumbList\",\"@id\":\"https:\/\/xstyle.md\/#breadcrumb\",\"itemListElement\":[{\"@type\":\"ListItem\",\"position\":1,\"name\":\"\u0413\u043b\u0430\u0432\u043d\u0430\u044f \u0441\u0442\u0440\u0430\u043d\u0438\u0446\u0430\",\"item\":\"https:\/\/xstyle.md\/\"},{\"@type\":\"ListItem\",\"position\":2,\"name\":\"\u0413\u043b\u0430\u0432\u043d\u0430\u044f\"}]},{\"@type\":\"WebSite\",\"@id\":\"https:\/\/xstyle.md\/#website\",\"url\":\"https:\/\/xstyle.md\/\",\"name\":\"\u041c\u0430\u0433\u0430\u0437\u0438\u043d Xstyle\",\"description\":\"C\u043d\u0430\u0440\u044f\u0436\u0435\u043d\u0438\u0435 \u0434\u043b\u044f \u0442\u0443\u0440\u0438\u0437\u043c\u0430 \u0438 \u044d\u043a\u0441\u0442\u0440\u0435\u043c\u0430\u043b\u044c\u043d\u044b\u0445 \u0432\u0438\u0434\u043e\u0432 \u0441\u043f\u043e\u0440\u0442\u0430 \u0432 \u041c\u043e\u043b\u0434\u043e\u0432\u0435.. \u0426\u0435\u043d\u044b, \u0444\u043e\u0442\u043e, \u0445\u0430\u0440\u0430\u043a\u0442\u0435\u0440\u0438\u0441\u0442\u0438\u043a\u0438 \u0432 \u041c\u043e\u043b\u0434\u043e\u0432\u0435.\",\"publisher\":{\"@id\":\"https:\/\/xstyle.md\/#organization\"},\"alternateName\":\"X-Style\",\"potentialAction\":[{\"@type\":\"SearchAction\",\"target\":{\"@type\":\"EntryPoint\",\"urlTemplate\":\"https:\/\/xstyle.md\/?s={search_term_string}\"},\"query-input\":{\"@type\":\"PropertyValueSpecification\",\"valueRequired\":true,\"valueName\":\"search_term_string\"}}],\"inLanguage\":\"ro-RO\"},{\"@type\":\"Organization\",\"@id\":\"https:\/\/xstyle.md\/#organization\",\"name\":\"\u041c\u0430\u0433\u0430\u0437\u0438\u043d Xstyle\",\"alternateName\":\"x-style\",\"url\":\"https:\/\/xstyle.md\/\",\"logo\":{\"@type\":\"ImageObject\",\"inLanguage\":\"ro-RO\",\"@id\":\"https:\/\/xstyle.md\/#\/schema\/logo\/image\/\",\"url\":\"https:\/\/xstyle.md\/wp-content\/uploads\/2020\/06\/logoicon.svg\",\"contentUrl\":\"https:\/\/xstyle.md\/wp-content\/uploads\/2020\/06\/logoicon.svg\",\"caption\":\"\u041c\u0430\u0433\u0430\u0437\u0438\u043d Xstyle\"},\"image\":{\"@id\":\"https:\/\/xstyle.md\/#\/schema\/logo\/image\/\"},\"sameAs\":[\"https:\/\/www.facebook.com\/xstylemd\",\"https:\/\/www.instagram.com\/xstyle_md\/\",\"https:\/\/t.me\/xstyle_outdoor\"],\"hasMerchantReturnPolicy\":{\"@type\":\"MerchantReturnPolicy\",\"merchantReturnLink\":\"https:\/\/xstyle.md\/ro\/conditions\/\"}}]}<\/script>\n<!-- \/ Yoast SEO plugin. -->","yoast_head_json":{"title":"Magazin X-Style | Magazin sport \u0219i turism - echipamente profesionale pentru aventuri \u0219i activit\u0103\u021bi sportive","description":"Magazin online de echipamente sportive \u0219i de turism cu o gam\u0103 larg\u0103 de produse pentru un stil de via\u021b\u0103 activ. Showroom in Chisinau!","robots":{"index":"index","follow":"follow","max-snippet":"max-snippet:-1","max-image-preview":"max-image-preview:large","max-video-preview":"max-video-preview:-1"},"canonical":"https:\/\/xstyle.md\/ro\/","og_locale":"ro_RO","og_type":"article","og_title":"\u041c\u0430\u0433\u0430\u0437\u0438\u043d Xstyle | \u0422\u0443\u0440\u0438\u0441\u0442\u0438\u0447\u0435\u0441\u043a\u0438\u0439 \u0438 \u0441\u043f\u043e\u0440\u0442\u0438\u0432\u043d\u044b\u0439 \u043c\u0430\u0433\u0430\u0437\u0438\u043d, \u044d\u043a\u0438\u043f\u0438\u0440\u043e\u0432\u043a\u0430 \u0434\u043b\u044f \u0430\u043a\u0442\u0438\u0432\u043d\u043e\u0433\u043e \u043e\u0442\u0434\u044b\u0445\u0430","og_description":"\u0418\u043d\u0442\u0435\u0440\u043d\u0435\u0442-\u043c\u0430\u0433\u0430\u0437\u0438\u043d \u0432 \u041a\u0438\u0448\u0438\u043d\u0451\u0432\u0435, \u0442\u0443\u0440\u0438\u0441\u0442\u0438\u0447\u0435\u0441\u043a\u043e\u0433\u043e \u0438 \u0441\u043f\u043e\u0440\u0442\u0438\u0432\u043d\u043e\u0433\u043e \u0441\u043d\u0430\u0440\u044f\u0436\u0435\u043d\u0438\u044f \u0441 \u0448\u0438\u0440\u043e\u043a\u0438\u043c \u0430\u0441\u0441\u043e\u0440\u0442\u0438\u043c\u0435\u043d\u0442\u043e\u043c \u044d\u043a\u0438\u043f\u0438\u0440\u043e\u0432\u043a\u0438 \u0434\u043b\u044f \u0430\u043a\u0442\u0438\u0432\u043d\u043e\u0433\u043e \u043e\u0431\u0440\u0430\u0437\u0430 \u0436\u0438\u0437\u043d\u0438.","og_url":"https:\/\/xstyle.md\/ro\/","og_site_name":"\u041c\u0430\u0433\u0430\u0437\u0438\u043d Xstyle","article_publisher":"https:\/\/www.facebook.com\/xstylemd","article_modified_time":"2025-02-25T13:17:43+00:00","twitter_card":"summary_large_image","twitter_misc":{"Timp estimat pentru citire":"3 minute"},"schema":{"@context":"https:\/\/schema.org","@graph":[{"@type":"WebPage","@id":"https:\/\/xstyle.md\/","url":"https:\/\/xstyle.md\/","name":"Magazin X-Style | Magazin sport \u0219i turism - echipamente profesionale pentru aventuri \u0219i activit\u0103\u021bi sportive","isPartOf":{"@id":"https:\/\/xstyle.md\/#website"},"datePublished":"2020-02-19T13:23:15+00:00","dateModified":"2025-02-25T13:17:43+00:00","description":"Magazin online de echipamente sportive \u0219i de turism cu o gam\u0103 larg\u0103 de produse pentru un stil de via\u021b\u0103 activ. Showroom in Chisinau!","breadcrumb":{"@id":"https:\/\/xstyle.md\/#breadcrumb"},"inLanguage":"ro-RO","potentialAction":[{"@type":"ReadAction","target":["https:\/\/xstyle.md\/"]}]},{"@type":"BreadcrumbList","@id":"https:\/\/xstyle.md\/#breadcrumb","itemListElement":[{"@type":"ListItem","position":1,"name":"\u0413\u043b\u0430\u0432\u043d\u0430\u044f \u0441\u0442\u0440\u0430\u043d\u0438\u0446\u0430","item":"https:\/\/xstyle.md\/"},{"@type":"ListItem","position":2,"name":"\u0413\u043b\u0430\u0432\u043d\u0430\u044f"}]},{"@type":"WebSite","@id":"https:\/\/xstyle.md\/#website","url":"https:\/\/xstyle.md\/","name":"Magazinul X-Style","description":"Echipamente pentru turism \u0219i sporturi extreme \u00een Moldova. Pre\u021buri, fotografii, caracteristici \u00een Moldova.","publisher":{"@id":"https:\/\/xstyle.md\/#organization"},"alternateName":"X-Style","potentialAction":[{"@type":"SearchAction","target":{"@type":"EntryPoint","urlTemplate":"https:\/\/xstyle.md\/?s={search_term_string}"},"query-input":{"@type":"PropertyValueSpecification","valueRequired":true,"valueName":"search_term_string"}}],"inLanguage":"ro-RO"},{"@type":"Organization","@id":"https:\/\/xstyle.md\/#organization","name":"Magazinul X-Style","alternateName":"x-style","url":"https:\/\/xstyle.md\/","logo":{"@type":"ImageObject","inLanguage":"ro-RO","@id":"https:\/\/xstyle.md\/#\/schema\/logo\/image\/","url":"https:\/\/xstyle.md\/wp-content\/uploads\/2020\/06\/logoicon.svg","contentUrl":"https:\/\/xstyle.md\/wp-content\/uploads\/2020\/06\/logoicon.svg","caption":"\u041c\u0430\u0433\u0430\u0437\u0438\u043d Xstyle"},"image":{"@id":"https:\/\/xstyle.md\/#\/schema\/logo\/image\/"},"sameAs":["https:\/\/www.facebook.com\/xstylemd","https:\/\/www.instagram.com\/xstyle_md\/","https:\/\/t.me\/xstyle_outdoor"],"hasMerchantReturnPolicy":{"@type":"MerchantReturnPolicy","merchantReturnLink":"https:\/\/xstyle.md\/ro\/conditions\/"}}]}},"post_mailing_queue_ids":[],"_links":{"self":[{"href":"https:\/\/xstyle.md\/ro\/wp-json\/wp\/v2\/pages\/11","targetHints":{"allow":["GET"]}}],"collection":[{"href":"https:\/\/xstyle.md\/ro\/wp-json\/wp\/v2\/pages"}],"about":[{"href":"https:\/\/xstyle.md\/ro\/wp-json\/wp\/v2\/types\/page"}],"author":[{"embeddable":true,"href":"https:\/\/xstyle.md\/ro\/wp-json\/wp\/v2\/users\/11"}],"replies":[{"embeddable":true,"href":"https:\/\/xstyle.md\/ro\/wp-json\/wp\/v2\/comments?post=11"}],"version-history":[{"count":9,"href":"https:\/\/xstyle.md\/ro\/wp-json\/wp\/v2\/pages\/11\/revisions"}],"predecessor-version":[{"id":92949,"href":"https:\/\/xstyle.md\/ro\/wp-json\/wp\/v2\/pages\/11\/revisions\/92949"}],"wp:attachment":[{"href":"https:\/\/xstyle.md\/ro\/wp-json\/wp\/v2\/media?parent=11"}],"curies":[{"name":"wp","href":"https:\/\/api.w.org\/{rel}","templated":true}]}}